{"id":242,"date":"2018-01-12T09:27:57","date_gmt":"2018-01-12T08:27:57","guid":{"rendered":"https:\/\/websitedemos.net\/furniture-store-02\/?post_type=product&#038;p=242"},"modified":"2025-12-08T11:12:59","modified_gmt":"2025-12-08T10:12:59","slug":"dvd-le-cirque","status":"publish","type":"product","link":"https:\/\/cirque-gruss.com\/boutique\/produit\/dvd-le-cirque\/","title":{"rendered":"DVD Le Cirque"},"content":{"rendered":"<p>60 minutes &#8211; VO : Fran\u00e7ais &#8211; Sous-titres : English\/Fran\u00e7ais\/Castellano\/Deutsch\/Italiano\/Nederlands\/Catal\u00e0<\/p>\n","protected":false},"excerpt":{"rendered":"<p>Le CIRQUE vous invite \u00e0 d\u00e9couvrir les coulisses du Cirque Arlette Gruss \u00e0 l&rsquo;occasion de son trenti\u00e8me anniversaire et de la cr\u00e9ation \u00ab\u00a0Ecris l&rsquo;Histoire !\u00a0\u00bb<\/p>\n<p>Des propos et images in\u00e9dits,l&rsquo;histoire d&rsquo;une grande famille, des moments forts, la vie au quotidien, les d\u00e9fis d&rsquo;une nouvelle g\u00e9n\u00e9ration, l&rsquo;amour des animaux et l&rsquo;attention constante \u00e0 leur bien-\u00eatre.<\/p>\n<p>Le Cirque Arlette Gruss comme vous ne l&rsquo;avez encore jamais vu ! Passion, frissons, humour, \u00e9motions et sensations fortes.<\/p>\n","protected":false},"featured_media":1276,"comment_status":"open","ping_status":"closed","template":"","meta":{"site-sidebar-layout":"default","site-content-layout":null,"ast-site-content-layout":"","site-content-style":"","site-sidebar-style":"","ast-global-header-display":"","ast-banner-title-visibility":"","ast-main-header-display":"","ast-hfb-above-header-display":null,"ast-hfb-below-header-display":null,"ast-hfb-mobile-header-display":null,"site-post-title":"","ast-breadcrumbs-content":null,"ast-featured-img":"","footer-sml-layout":"","ast-disable-related-posts":"","theme-transparent-header-meta":"default","adv-header-id-meta":"","stick-header-meta":"default","header-above-stick-meta":"","header-main-stick-meta":"","header-below-stick-meta":null,"astra-migrate-meta-layouts":"default","ast-page-background-enabled":"default","ast-page-background-meta":{"desktop":{"background-color":"","background-image":"","background-repeat":"repeat","background-position":"center center","background-size":"auto","background-attachment":"scroll","background-type":"","background-media":"","overlay-type":"","overlay-color":"","overlay-opacity":"","overlay-gradient":""},"tablet":{"background-color":"","background-image":"","background-repeat":"repeat","background-position":"center center","background-size":"auto","background-attachment":"scroll","background-type":"","background-media":"","overlay-type":"","overlay-color":"","overlay-opacity":"","overlay-gradient":""},"mobile":{"background-color":"","background-image":"","background-repeat":"repeat","background-position":"center center","background-size":"auto","background-attachment":"scroll","background-type":"","background-media":"","overlay-type":"","overlay-color":"","overlay-opacity":"","overlay-gradient":""}},"ast-content-background-meta":{"desktop":{"background-color":"var(--ast-global-color-5)","background-image":"","background-repeat":"repeat","background-position":"center center","background-size":"auto","background-attachment":"scroll","background-type":"","background-media":"","overlay-type":"","overlay-color":"","overlay-opacity":"","overlay-gradient":""},"tablet":{"background-color":"var(--ast-global-color-5)","background-image":"","background-repeat":"repeat","background-position":"center center","background-size":"auto","background-attachment":"scroll","background-type":"","background-media":"","overlay-type":"","overlay-color":"","overlay-opacity":"","overlay-gradient":""},"mobile":{"background-color":"var(--ast-global-color-5)","background-image":"","background-repeat":"repeat","background-position":"center center","background-size":"auto","background-attachment":"scroll","background-type":"","background-media":"","overlay-type":"","overlay-color":"","overlay-opacity":"","overlay-gradient":""}}},"product_brand":[],"product_cat":[20],"product_tag":[],"class_list":{"0":"post-242","1":"product","2":"type-product","3":"status-publish","4":"has-post-thumbnail","6":"product_cat-souvenirs","7":"product_shipping_class-classe-sur-mesure","8":"desktop-align-left","9":"tablet-align-left","10":"mobile-align-left","11":"ast-product-gallery-layout-vertical","12":"ast-product-gallery-with-no-image","13":"ast-product-tabs-layout-horizontal","14":"ast-qv-on-image","16":"first","17":"instock","18":"shipping-taxable","19":"purchasable","20":"product-type-simple"},"_links":{"self":[{"href":"https:\/\/cirque-gruss.com\/boutique\/wp-json\/wp\/v2\/product\/242","targetHints":{"allow":["GET"]}}],"collection":[{"href":"https:\/\/cirque-gruss.com\/boutique\/wp-json\/wp\/v2\/product"}],"about":[{"href":"https:\/\/cirque-gruss.com\/boutique\/wp-json\/wp\/v2\/types\/product"}],"replies":[{"embeddable":true,"href":"https:\/\/cirque-gruss.com\/boutique\/wp-json\/wp\/v2\/comments?post=242"}],"wp:featuredmedia":[{"embeddable":true,"href":"https:\/\/cirque-gruss.com\/boutique\/wp-json\/wp\/v2\/media\/1276"}],"wp:attachment":[{"href":"https:\/\/cirque-gruss.com\/boutique\/wp-json\/wp\/v2\/media?parent=242"}],"wp:term":[{"taxonomy":"product_brand","embeddable":true,"href":"https:\/\/cirque-gruss.com\/boutique\/wp-json\/wp\/v2\/product_brand?post=242"},{"taxonomy":"product_cat","embeddable":true,"href":"https:\/\/cirque-gruss.com\/boutique\/wp-json\/wp\/v2\/product_cat?post=242"},{"taxonomy":"product_tag","embeddable":true,"href":"https:\/\/cirque-gruss.com\/boutique\/wp-json\/wp\/v2\/product_tag?post=242"}],"curies":[{"name":"wp","href":"https:\/\/api.w.org\/{rel}","templated":true}]}}