{"id":246,"date":"2018-01-12T09:32:58","date_gmt":"2018-01-12T08:32:58","guid":{"rendered":"https:\/\/websitedemos.net\/furniture-store-02\/?post_type=product&#038;p=246"},"modified":"2026-03-22T19:15:15","modified_gmt":"2026-03-22T18:15:15","slug":"livre-arlette-gruss","status":"publish","type":"product","link":"https:\/\/cirque-gruss.com\/boutique\/produit\/livre-arlette-gruss\/","title":{"rendered":"Livre Arlette Gruss"},"content":{"rendered":"<p>Broch\u00e9 &#8211; 312 pages &#8211; Editions Pierron &#8211; 01\/04\/2002<\/p>\n","protected":false},"excerpt":{"rendered":"<p>Arlette Gruss, guid\u00e9e par la foi et l&rsquo;amour des siens, est parvenue \u00e0 cr\u00e9er un cirque de r\u00e9putation europ\u00e9enne au prix d&rsquo;une vie errante parsem\u00e9e d&#8217;emb\u00fbches, de d\u00e9sillusions, de souffrances, mais aussi de d\u00e9fis, de joies et de succ\u00e8s. Cette saga est trait\u00e9e en treize chapitres qui symbolisent les treize m\u00e8tres de diam\u00e8tre de la piste ; une distance que tous les enfants de la balle apprennent \u00e0 parcourir le plus parfaitement possible d\u00e8s leur plus jeune \u00e2ge.<br \/>\nChacun de ces pas est tant\u00f4t une r\u00e9v\u00e9rence, parfois une pirouette, mais toujours un salut au double sens du terme. Dans ce livre pr\u00e9fac\u00e9 par Son Altesse le Prince Rainier, cr\u00e9ateur du plus beau festival de cirque au monde, l&rsquo;auteur Jacques Godot transcrit fid\u00e8lement la tradition orale des circassiens qui actualisent constamment les le\u00e7ons du pass\u00e9, car le danger et les exploits ne peuvent se conjuguer qu&rsquo;au pr\u00e9sent.<br \/>\nAriette Gruss &#8211; Le Cirque! est une grande aventure d&rsquo;aujourd&rsquo;hui, que l&rsquo;on peut d\u00e9couvrir comme autant de num\u00e9ros constituant le spectacle d&rsquo;une existence hors du commun.<\/p>\n","protected":false},"featured_media":1224,"comment_status":"open","ping_status":"closed","template":"","meta":{"site-sidebar-layout":"default","site-content-layout":null,"ast-site-content-layout":null,"site-content-style":null,"site-sidebar-style":null,"ast-global-header-display":"","ast-banner-title-visibility":"","ast-main-header-display":"","ast-hfb-above-header-display":null,"ast-hfb-below-header-display":null,"ast-hfb-mobile-header-display":null,"site-post-title":"","ast-breadcrumbs-content":null,"ast-featured-img":"","footer-sml-layout":"","ast-disable-related-posts":"","theme-transparent-header-meta":"default","adv-header-id-meta":"","stick-header-meta":"default","header-above-stick-meta":"","header-main-stick-meta":"","header-below-stick-meta":null,"astra-migrate-meta-layouts":"default","ast-page-background-enabled":"default","ast-page-background-meta":{"desktop":{"background-color":"","background-image":"","background-repeat":"repeat","background-position":"center center","background-size":"auto","background-attachment":"scroll","background-type":"","background-media":"","overlay-type":"","overlay-color":"","overlay-opacity":"","overlay-gradient":""},"tablet":{"background-color":"","background-image":"","background-repeat":"repeat","background-position":"center center","background-size":"auto","background-attachment":"scroll","background-type":"","background-media":"","overlay-type":"","overlay-color":"","overlay-opacity":"","overlay-gradient":""},"mobile":{"background-color":"","background-image":"","background-repeat":"repeat","background-position":"center center","background-size":"auto","background-attachment":"scroll","background-type":"","background-media":"","overlay-type":"","overlay-color":"","overlay-opacity":"","overlay-gradient":""}},"ast-content-background-meta":{"desktop":{"background-color":"var(--ast-global-color-5)","background-image":"","background-repeat":"repeat","background-position":"center center","background-size":"auto","background-attachment":"scroll","background-type":"","background-media":"","overlay-type":"","overlay-color":"","overlay-opacity":"","overlay-gradient":""},"tablet":{"background-color":"var(--ast-global-color-5)","background-image":"","background-repeat":"repeat","background-position":"center center","background-size":"auto","background-attachment":"scroll","background-type":"","background-media":"","overlay-type":"","overlay-color":"","overlay-opacity":"","overlay-gradient":""},"mobile":{"background-color":"var(--ast-global-color-5)","background-image":"","background-repeat":"repeat","background-position":"center center","background-size":"auto","background-attachment":"scroll","background-type":"","background-media":"","overlay-type":"","overlay-color":"","overlay-opacity":"","overlay-gradient":""}}},"product_brand":[],"product_cat":[39],"product_tag":[],"class_list":{"0":"post-246","1":"product","2":"type-product","3":"status-publish","4":"has-post-thumbnail","6":"product_cat-livres-et-film","7":"product_shipping_class-classe-sur-mesure","8":"desktop-align-left","9":"tablet-align-left","10":"mobile-align-left","11":"ast-product-gallery-layout-vertical","12":"ast-product-gallery-with-no-image","13":"ast-product-tabs-layout-horizontal","14":"ast-qv-on-image","16":"first","17":"instock","18":"shipping-taxable","19":"purchasable","20":"product-type-simple"},"_links":{"self":[{"href":"https:\/\/cirque-gruss.com\/boutique\/wp-json\/wp\/v2\/product\/246","targetHints":{"allow":["GET"]}}],"collection":[{"href":"https:\/\/cirque-gruss.com\/boutique\/wp-json\/wp\/v2\/product"}],"about":[{"href":"https:\/\/cirque-gruss.com\/boutique\/wp-json\/wp\/v2\/types\/product"}],"replies":[{"embeddable":true,"href":"https:\/\/cirque-gruss.com\/boutique\/wp-json\/wp\/v2\/comments?post=246"}],"wp:featuredmedia":[{"embeddable":true,"href":"https:\/\/cirque-gruss.com\/boutique\/wp-json\/wp\/v2\/media\/1224"}],"wp:attachment":[{"href":"https:\/\/cirque-gruss.com\/boutique\/wp-json\/wp\/v2\/media?parent=246"}],"wp:term":[{"taxonomy":"product_brand","embeddable":true,"href":"https:\/\/cirque-gruss.com\/boutique\/wp-json\/wp\/v2\/product_brand?post=246"},{"taxonomy":"product_cat","embeddable":true,"href":"https:\/\/cirque-gruss.com\/boutique\/wp-json\/wp\/v2\/product_cat?post=246"},{"taxonomy":"product_tag","embeddable":true,"href":"https:\/\/cirque-gruss.com\/boutique\/wp-json\/wp\/v2\/product_tag?post=246"}],"curies":[{"name":"wp","href":"https:\/\/api.w.org\/{rel}","templated":true}]}}